{"id":276,"date":"2026-04-17T15:01:29","date_gmt":"2026-04-17T15:01:29","guid":{"rendered":"https:\/\/sweet-eagle-tribe.fr\/?page_id=276"},"modified":"2026-04-17T18:02:18","modified_gmt":"2026-04-17T18:02:18","slug":"the-council-of-the-elders-of-the-twisted-hair-people","status":"publish","type":"page","link":"https:\/\/sweet-eagle-tribe.fr\/?page_id=276","title":{"rendered":"The Council of the Elders of the Twisted Hair People"},"content":{"rendered":"\t\t<div data-elementor-type=\"wp-page\" data-elementor-id=\"276\" class=\"elementor elementor-276\">\n\t\t\t\t<div class=\"elementor-element elementor-element-aabea42 e-flex e-con-boxed e-con e-parent\" data-id=\"aabea42\" data-element_type=\"container\" data-e-type=\"container\">\n\t\t\t\t\t<div class=\"e-con-inner\">\n\t\t\t\t<div class=\"elementor-element elementor-element-4cdca0a1 elementor-widget__width-auto e-transform elementor-widget elementor-widget-text-editor\" data-id=\"4cdca0a1\" data-element_type=\"widget\" data-e-type=\"widget\" data-settings=\"{&quot;_transform_translateX_effect&quot;:{&quot;unit&quot;:&quot;px&quot;,&quot;size&quot;:&quot;&quot;,&quot;sizes&quot;:[]},&quot;_transform_translateX_effect_tablet&quot;:{&quot;unit&quot;:&quot;px&quot;,&quot;size&quot;:&quot;&quot;,&quot;sizes&quot;:[]},&quot;_transform_translateX_effect_mobile&quot;:{&quot;unit&quot;:&quot;px&quot;,&quot;size&quot;:&quot;&quot;,&quot;sizes&quot;:[]},&quot;_transform_translateY_effect&quot;:{&quot;unit&quot;:&quot;px&quot;,&quot;size&quot;:&quot;&quot;,&quot;sizes&quot;:[]},&quot;_transform_translateY_effect_tablet&quot;:{&quot;unit&quot;:&quot;px&quot;,&quot;size&quot;:&quot;&quot;,&quot;sizes&quot;:[]},&quot;_transform_translateY_effect_mobile&quot;:{&quot;unit&quot;:&quot;px&quot;,&quot;size&quot;:&quot;&quot;,&quot;sizes&quot;:[]}}\" data-widget_type=\"text-editor.default\">\n\t\t\t\t\t\t\t\t\t<h1 class=\"entry-header\">The Council of the Elders of the Twisted Hair People<\/h1>\n<p class=\"entry-title\">The Council of the Elders of the Twisted Hair People est n\u00e9 d\u2019une l\u00e9gende qui remonte \u00e0 plus de 150.000 ann\u00e9es. Depuis ce temps imm\u00e9morable, des femmes et des hommes de connaissance, venus de diff\u00e9rents continents se rassemblent pour partager leur savoir, leur richesse, leur magie et leur amour de la libert\u00e9.<\/p>\n<p>Sur le plan tangible, cette extraordinaire connaissance est mise \u00e0 la disposition de tous les \u00eatres humains qui aspirent \u00e0 l\u2019\u00e9veil de la conscience. Le principe de cette lign\u00e9e est fond\u00e9 sur la Sagesse Mill\u00e9naire, de par ses diff\u00e9rents concepts complexes o\u00f9 l\u2019\u00e9nergie de l\u2019Univers est disponible sous forme de Cosmovision.<\/p>\n<p>Selon cette l\u00e9gende, nous sommes venus de multiples syst\u00e8mes Stellaires et nous sommes principalement reli\u00e9s \u00e0 la 13<sup>\u00e8me<\/sup> \u00c9toile d\u2019o\u00f9 provient toute transmission de la Connaissance Universelle, sur Terre.<\/p>\n<p>Une des intentions de cette l\u00e9gende Ancienne est de maintenir, soutenir, perp\u00e9tuer et d\u00e9velopper sur terre l\u2019\u00e9veil de la conscience, en accompagnant chaque cheminement personnel, \u00e0 travers les nombreuses possibilit\u00e9s de compr\u00e9hension de la ma\u00eetrise de l\u00b4\u00e9nergie.<br \/>L\u2019objectif est de transmettre, \u00e9changer et partager cette connaissance avec ceux qui d\u00e9sirent atteindre l\u2019\u00e9tat de Pr\u00e9sence et qui, souhaitent manifester leur Essence dans une existence humaine, pour ensuite, guider tous les \u00eatres humains, sans distinction de culture, race, religion, philosophie et tradition afin d\u2019acc\u00e9der \u00e0 la r\u00e9alisation.<\/p>\n<p>La transmission de cette l\u00e9gende est orale et appartient \u00e0 l\u2019origine aux Peuples Premiers de l\u2019\u00eele de la Tortue. Si\u00e8cle apr\u00e8s si\u00e8cle, cet enseignement a \u00e9t\u00e9 prot\u00e9g\u00e9, entretenu et perp\u00e9tu\u00e9 par des femmes et des hommes de connaissance, de cultures et de races diff\u00e9rentes. Ils se sont transmis cette Sagesse en parcourant les continents du Nord au Sud, de l\u2019Ouest \u00e0 l\u2019Est pour \u00e9changer et apprendre les uns des autres, dans une totale libert\u00e9 d\u2019esprit et de c\u0153ur. Pour ainsi dire, cet enseignement appartient \u00e0 tous les continents et divergent sous diff\u00e9rentes formes selon la culture et le pays d\u2019o\u00f9 provient la transmission.<\/p>\n<p>Tout au long des divers changements Plan\u00e9taire, cette Sagesse est rest\u00e9e cach\u00e9e, transmise dans les \u00ab kivas \u00bb de fa\u00e7on occulte par des \u00eatres porteurs d\u2019\u00e9nergie particuli\u00e8re pour que l\u2019Essence de la Connaissance soit maintenue dans sa totalit\u00e9 et qu\u2019elle survive \u00e0 tous les changements.<\/p>\n<p>L\u2019enseignement de cette connaissance est aussi ancien que contemporain car il s\u2019\u00e9largit au fil du temps et s\u2019enrichit au contact de toutes les personnes qui sont touch\u00e9es par l\u2019esprit de la lign\u00e9e.<\/p>\n<p>Il est fondamental de rappeler que cette connaissance provient d\u2019une l\u00e9gende et que chacun y puise ce qui est essentiel \u00e0 son \u00e9volution int\u00e9rieure pour atteindre l\u2019\u00e9veil de sa conscience, \u00e0 travers un processus de transformation et de gu\u00e9rison.<\/p>\n<p>The Council of the Elders of the Twisted Hairs People nous rappelle qui nous sommes, d\u2019o\u00f9 nous venons et potentialise notre intention de sceller, ici et maintenant, notre incarnation terrestre afin de retourner \u00e0 notre \u00e9tat Originel et de partager inconditionnellement notre savoir avec g\u00e9n\u00e9rosit\u00e9, remplis d\u2019un amour profond pour toutes les formes de vie.<\/p>\n<p>A ce jour, de nombreuses personnes ont chemin\u00e9 avec cette connaissance et nous honorons avec gratitude, ces lign\u00e9es de femmes et d\u2019hommes de Sagesse qui sont venus avant nous pour nous transmettre avec humour, bont\u00e9 et bienveillance ce cadeau extraordinaire.<\/p>\n<p>Les formations et la Danse de l\u2019Aigle, retransmises par Sylvie Shining sont issus de la Tradition Tolt\u00e8que, Olm\u00e8que, Maya et Am\u00e9rindien.<\/p>\n<p>La lign\u00e9e du Council of the Elders of the Twisted Hair People n\u2019appartient \u00e0 aucun dogme, religion, ethnie, statut, ou institution.<\/p>\n<p>Sylvie Shining Kunh\u00e3 Kara\u00ef<\/p>\n<p>\u00a0<\/p>\n<p><!-- \/wp:paragraph --><!-- wp:paragraph --><\/p>\n<p><!-- \/wp:paragraph --><\/p>\t\t\t\t\t\t\t\t<\/div>\n\t\t\t\t\t<\/div>\n\t\t\t\t<\/div>\n\t\t<div class=\"elementor-element elementor-element-aef3e46 e-flex e-con-boxed e-con e-parent\" data-id=\"aef3e46\" data-element_type=\"container\" data-e-type=\"container\">\n\t\t\t\t\t<div class=\"e-con-inner\">\n\t\t\t\t\t<\/div>\n\t\t\t\t<\/div>\n\t\t\t\t<\/div>\n\t\t","protected":false},"excerpt":{"rendered":"<p>The Council of the Elders of the Twisted Hair People The Council of the Elders of the Twisted Hair People est n\u00e9 d\u2019une l\u00e9gende qui remonte \u00e0 plus de 150.000 ann\u00e9es. Depuis ce temps imm\u00e9morable, des femmes et des hommes de connaissance, venus de diff\u00e9rents continents se rassemblent pour partager leur savoir, leur richesse, leur [&hellip;]<\/p>\n","protected":false},"author":1,"featured_media":0,"parent":268,"menu_order":0,"comment_status":"closed","ping_status":"closed","template":"elementor_header_footer","meta":{"footnotes":""},"class_list":["post-276","page","type-page","status-publish","hentry"],"_links":{"self":[{"href":"https:\/\/sweet-eagle-tribe.fr\/index.php?rest_route=\/wp\/v2\/pages\/276","targetHints":{"allow":["GET"]}}],"collection":[{"href":"https:\/\/sweet-eagle-tribe.fr\/index.php?rest_route=\/wp\/v2\/pages"}],"about":[{"href":"https:\/\/sweet-eagle-tribe.fr\/index.php?rest_route=\/wp\/v2\/types\/page"}],"author":[{"embeddable":true,"href":"https:\/\/sweet-eagle-tribe.fr\/index.php?rest_route=\/wp\/v2\/users\/1"}],"replies":[{"embeddable":true,"href":"https:\/\/sweet-eagle-tribe.fr\/index.php?rest_route=%2Fwp%2Fv2%2Fcomments&post=276"}],"version-history":[{"count":25,"href":"https:\/\/sweet-eagle-tribe.fr\/index.php?rest_route=\/wp\/v2\/pages\/276\/revisions"}],"predecessor-version":[{"id":478,"href":"https:\/\/sweet-eagle-tribe.fr\/index.php?rest_route=\/wp\/v2\/pages\/276\/revisions\/478"}],"up":[{"embeddable":true,"href":"https:\/\/sweet-eagle-tribe.fr\/index.php?rest_route=\/wp\/v2\/pages\/268"}],"wp:attachment":[{"href":"https:\/\/sweet-eagle-tribe.fr\/index.php?rest_route=%2Fwp%2Fv2%2Fmedia&parent=276"}],"curies":[{"name":"wp","href":"https:\/\/api.w.org\/{rel}","templated":true}]}}