{"id":346,"date":"2026-04-17T15:49:45","date_gmt":"2026-04-17T15:49:45","guid":{"rendered":"https:\/\/sweet-eagle-tribe.fr\/?page_id=346"},"modified":"2026-04-17T15:53:21","modified_gmt":"2026-04-17T15:53:21","slug":"sylvie-shining","status":"publish","type":"page","link":"https:\/\/sweet-eagle-tribe.fr\/?page_id=346","title":{"rendered":"Sylvie Shining"},"content":{"rendered":"\t\t<div data-elementor-type=\"wp-page\" data-elementor-id=\"346\" class=\"elementor elementor-346\">\n\t\t\t\t<div class=\"elementor-element elementor-element-74409394 e-flex e-con-boxed e-con e-parent\" data-id=\"74409394\" data-element_type=\"container\" data-e-type=\"container\" data-settings=\"{&quot;background_background&quot;:&quot;classic&quot;}\">\n\t\t\t\t\t<div class=\"e-con-inner\">\n\t\t\t\t<div class=\"elementor-element elementor-element-224e77d1 elementor-widget__width-auto e-transform elementor-widget elementor-widget-text-editor\" data-id=\"224e77d1\" data-element_type=\"widget\" data-e-type=\"widget\" data-settings=\"{&quot;_transform_translateX_effect&quot;:{&quot;unit&quot;:&quot;px&quot;,&quot;size&quot;:&quot;&quot;,&quot;sizes&quot;:[]},&quot;_transform_translateX_effect_tablet&quot;:{&quot;unit&quot;:&quot;px&quot;,&quot;size&quot;:&quot;&quot;,&quot;sizes&quot;:[]},&quot;_transform_translateX_effect_mobile&quot;:{&quot;unit&quot;:&quot;px&quot;,&quot;size&quot;:&quot;&quot;,&quot;sizes&quot;:[]},&quot;_transform_translateY_effect&quot;:{&quot;unit&quot;:&quot;px&quot;,&quot;size&quot;:&quot;&quot;,&quot;sizes&quot;:[]},&quot;_transform_translateY_effect_tablet&quot;:{&quot;unit&quot;:&quot;px&quot;,&quot;size&quot;:&quot;&quot;,&quot;sizes&quot;:[]},&quot;_transform_translateY_effect_mobile&quot;:{&quot;unit&quot;:&quot;px&quot;,&quot;size&quot;:&quot;&quot;,&quot;sizes&quot;:[]}}\" data-widget_type=\"text-editor.default\">\n\t\t\t\t\t\t\t\t\t<header class=\"entry-header\">\n<h1 class=\"entry-title\">Sylvie Shining<\/h1>\n<\/header>\n<div class=\"entry-content\">\n<p><strong>Sylvie Shining Kunh\u00e3 Karai<\/strong>, Conseill\u00e8re \u00e9nerg\u00e9tique et femme M\u00e9decine, Instructeur des enseignements of the Council of the Elders of the Twist Hair People. Dance Chief de la Danse de l\u2019Aigle depuis 30 ans. Fondatrice de l\u2019association Sweet Eagle Tribe.<\/p>\n<p>Toutes les informations se trouvent sur :<\/p>\n<p>Site :\u00a0<a href=\"https:\/\/web.archive.org\/web\/20250217171351\/http:\/\/shiningwoman.com.br\/\" target=\"_blank\" rel=\"noopener\">shiningwoman.com.br<\/a><\/p>\n<p>Cha\u00eene Youtube :\u00a0<a href=\"https:\/\/web.archive.org\/web\/20250217171351\/https:\/\/www.youtube.com\/channel\/UCEUptxRYEckfR7zJqWwbiSA\/featured\">Sylvie Shining<\/a><\/p>\n<p>Facebook :\u00a0<a href=\"https:\/\/web.archive.org\/web\/20250217171351\/https:\/\/www.facebook.com\/profile.php?id=100012315755643\">Sylvie Shining<\/a><\/p>\n<\/div>\n<p><!-- \/wp:paragraph --><!-- wp:paragraph --><\/p>\n<p><!-- \/wp:paragraph --><\/p>\t\t\t\t\t\t\t\t<\/div>\n\t\t\t\t\t<\/div>\n\t\t\t\t<\/div>\n\t\t\t\t<\/div>\n\t\t","protected":false},"excerpt":{"rendered":"<p>Sylvie Shining Sylvie Shining Kunh\u00e3 Karai, Conseill\u00e8re \u00e9nerg\u00e9tique et femme M\u00e9decine, Instructeur des enseignements of the Council of the Elders of the Twist Hair People. Dance Chief de la Danse de l\u2019Aigle depuis 30 ans. Fondatrice de l\u2019association Sweet Eagle Tribe. Toutes les informations se trouvent sur : Site :\u00a0shiningwoman.com.br Cha\u00eene Youtube :\u00a0Sylvie Shining Facebook [&hellip;]<\/p>\n","protected":false},"author":1,"featured_media":0,"parent":0,"menu_order":0,"comment_status":"closed","ping_status":"closed","template":"elementor_header_footer","meta":{"footnotes":""},"class_list":["post-346","page","type-page","status-publish","hentry"],"_links":{"self":[{"href":"https:\/\/sweet-eagle-tribe.fr\/index.php?rest_route=\/wp\/v2\/pages\/346","targetHints":{"allow":["GET"]}}],"collection":[{"href":"https:\/\/sweet-eagle-tribe.fr\/index.php?rest_route=\/wp\/v2\/pages"}],"about":[{"href":"https:\/\/sweet-eagle-tribe.fr\/index.php?rest_route=\/wp\/v2\/types\/page"}],"author":[{"embeddable":true,"href":"https:\/\/sweet-eagle-tribe.fr\/index.php?rest_route=\/wp\/v2\/users\/1"}],"replies":[{"embeddable":true,"href":"https:\/\/sweet-eagle-tribe.fr\/index.php?rest_route=%2Fwp%2Fv2%2Fcomments&post=346"}],"version-history":[{"count":7,"href":"https:\/\/sweet-eagle-tribe.fr\/index.php?rest_route=\/wp\/v2\/pages\/346\/revisions"}],"predecessor-version":[{"id":353,"href":"https:\/\/sweet-eagle-tribe.fr\/index.php?rest_route=\/wp\/v2\/pages\/346\/revisions\/353"}],"wp:attachment":[{"href":"https:\/\/sweet-eagle-tribe.fr\/index.php?rest_route=%2Fwp%2Fv2%2Fmedia&parent=346"}],"curies":[{"name":"wp","href":"https:\/\/api.w.org\/{rel}","templated":true}]}}