{"id":354,"date":"2026-04-17T15:59:00","date_gmt":"2026-04-17T15:59:00","guid":{"rendered":"https:\/\/sweet-eagle-tribe.fr\/?page_id=354"},"modified":"2026-04-17T16:01:44","modified_gmt":"2026-04-17T16:01:44","slug":"michele-hiroianai","status":"publish","type":"page","link":"https:\/\/sweet-eagle-tribe.fr\/?page_id=354","title":{"rendered":"Mich\u00e8le Hiroiana\u00ef"},"content":{"rendered":"\t\t<div data-elementor-type=\"wp-page\" data-elementor-id=\"354\" class=\"elementor elementor-354\">\n\t\t\t\t<div class=\"elementor-element elementor-element-01e60b0 e-flex e-con-boxed e-con e-parent\" data-id=\"01e60b0\" data-element_type=\"container\" data-e-type=\"container\">\n\t\t\t\t\t<div class=\"e-con-inner\">\n\t\t\t\t<div class=\"elementor-element elementor-element-bb1228a elementor-widget elementor-widget-text-editor\" data-id=\"bb1228a\" data-element_type=\"widget\" data-e-type=\"widget\" data-widget_type=\"text-editor.default\">\n\t\t\t\t\t\t\t\t\t<h1 class=\"entry-title\">Mich\u00e8le Hiroiana\u00ef<\/h1>\n<p>Drum chief de la Danse de l\u2019Aigle , elle transmet la Sagesse des enseignements Ancestraux afin de perp\u00e9tuer le chemin de Beaut\u00e9 , le chemin de gu\u00e9rison pour les g\u00e9n\u00e9rations futurs.<\/p>\n<p>Chercheuse de sens, apprentie de la Vie en chemin, elle s\u2019appuie sur la Connaissance soutenues par les Lois Sacr\u00e9es Universelles. Artiste, cr\u00e9atrice inspir\u00e9e au service de la Vie, femme M\u00e9decine \u00c9nerg\u00e9ticienne , elle accompagne \u00e0 travers cette vision globale de l\u2019Unit\u00e9 pour amener \u00c9quilibre et Harmonie dans l\u2019\u00catre en suivant le chemin de l\u2019\u00e9nergie. Par sa voix, le chant, elle porte les m\u00e9lodies et les paroles des Voix Sacr\u00e9es des Esprits Anciens.<\/p>\n<p>Elle maintient en France la transmission des Enseignements et les Chants Sacr\u00e9s de la Lign\u00e9e du Council of The Elders of the Twisted Hair People.<\/p>\t\t\t\t\t\t\t\t<\/div>\n\t\t\t\t\t<\/div>\n\t\t\t\t<\/div>\n\t\t\t\t<\/div>\n\t\t","protected":false},"excerpt":{"rendered":"<p>Mich\u00e8le Hiroiana\u00ef Drum chief de la Danse de l\u2019Aigle , elle transmet la Sagesse des enseignements Ancestraux afin de perp\u00e9tuer le chemin de Beaut\u00e9 , le chemin de gu\u00e9rison pour les g\u00e9n\u00e9rations futurs. Chercheuse de sens, apprentie de la Vie en chemin, elle s\u2019appuie sur la Connaissance soutenues par les Lois Sacr\u00e9es Universelles. Artiste, cr\u00e9atrice [&hellip;]<\/p>\n","protected":false},"author":1,"featured_media":0,"parent":0,"menu_order":0,"comment_status":"closed","ping_status":"closed","template":"elementor_header_footer","meta":{"footnotes":""},"class_list":["post-354","page","type-page","status-publish","hentry"],"_links":{"self":[{"href":"https:\/\/sweet-eagle-tribe.fr\/index.php?rest_route=\/wp\/v2\/pages\/354","targetHints":{"allow":["GET"]}}],"collection":[{"href":"https:\/\/sweet-eagle-tribe.fr\/index.php?rest_route=\/wp\/v2\/pages"}],"about":[{"href":"https:\/\/sweet-eagle-tribe.fr\/index.php?rest_route=\/wp\/v2\/types\/page"}],"author":[{"embeddable":true,"href":"https:\/\/sweet-eagle-tribe.fr\/index.php?rest_route=\/wp\/v2\/users\/1"}],"replies":[{"embeddable":true,"href":"https:\/\/sweet-eagle-tribe.fr\/index.php?rest_route=%2Fwp%2Fv2%2Fcomments&post=354"}],"version-history":[{"count":5,"href":"https:\/\/sweet-eagle-tribe.fr\/index.php?rest_route=\/wp\/v2\/pages\/354\/revisions"}],"predecessor-version":[{"id":359,"href":"https:\/\/sweet-eagle-tribe.fr\/index.php?rest_route=\/wp\/v2\/pages\/354\/revisions\/359"}],"wp:attachment":[{"href":"https:\/\/sweet-eagle-tribe.fr\/index.php?rest_route=%2Fwp%2Fv2%2Fmedia&parent=354"}],"curies":[{"name":"wp","href":"https:\/\/api.w.org\/{rel}","templated":true}]}}