{"id":363,"date":"2026-04-17T16:13:09","date_gmt":"2026-04-17T16:13:09","guid":{"rendered":"https:\/\/sweet-eagle-tribe.fr\/?page_id=363"},"modified":"2026-04-17T18:14:42","modified_gmt":"2026-04-17T18:14:42","slug":"elementor-page-363","status":"publish","type":"page","link":"https:\/\/sweet-eagle-tribe.fr\/?page_id=363","title":{"rendered":"Cercle de Chants"},"content":{"rendered":"\t\t<div data-elementor-type=\"wp-page\" data-elementor-id=\"363\" class=\"elementor elementor-363\">\n\t\t\t\t<div class=\"elementor-element elementor-element-22c52f9 e-flex e-con-boxed e-con e-parent\" data-id=\"22c52f9\" data-element_type=\"container\" data-e-type=\"container\">\n\t\t\t\t\t<div class=\"e-con-inner\">\n\t\t\t\t\t\t\t\n\t\t<img class=\"e-image-base e-1aab38a-ba7fb3a\" \n\t\t\t\t\tdata-interaction-id=\"1aab38a\" \n\t\t \n\t\t \n\t\t\t\t\t\t\t\t\tid=\"184\"\n\t\t\t\t\t\t\t\t\t\t\t\tsrc=\"https:\/\/sweet-eagle-tribe.fr\/wp-content\/uploads\/2026\/04\/silhouette-of-bird-above-clouds-755385-1.jpg\"\n\t\t\t\t\t\t\t\t\t\t\t\twidth=\"640\"\n\t\t\t\t\t\t\t\t\t\t\t\theight=\"359\"\n\t\t\t\t\t\t\t\t\t\t\t\tsrcset=\"https:\/\/sweet-eagle-tribe.fr\/wp-content\/uploads\/2026\/04\/silhouette-of-bird-above-clouds-755385-1.jpg 640w, https:\/\/sweet-eagle-tribe.fr\/wp-content\/uploads\/2026\/04\/silhouette-of-bird-above-clouds-755385-1-300x168.jpg 300w\"\n\t\t\t\t\t\t\t\t\t\t\t\talt=\"\"\n\t\t\t\t\t\t\/>\n\t\t\t\t\t\t<\/div>\n\t\t\t\t<\/div>\n\t\t<div class=\"elementor-element elementor-element-0c5c5d0 e-flex e-con-boxed e-con e-parent\" data-id=\"0c5c5d0\" data-element_type=\"container\" data-e-type=\"container\">\n\t\t\t\t\t<div class=\"e-con-inner\">\n\t\t\t\t<div class=\"elementor-element elementor-element-8827cff elementor-widget elementor-widget-text-editor\" data-id=\"8827cff\" data-element_type=\"widget\" data-e-type=\"widget\" data-widget_type=\"text-editor.default\">\n\t\t\t\t\t\t\t\t\t<h1 class=\"entry-title\">Cercle de Chants<\/h1>\n<p>Durant la Danse de l\u2019Aigle, l\u2019\u00e9nergie des danseurs est soutenue en permanence par les Chants Sacr\u00e9s de la tradition du Council of The Elders of the Twisted Hair People.<br \/>Sans ce soutien, il n\u2019y aurait pas de Danse. Les chanteuses et chanteurs qui font ainsi donation de leur voix pendant toute la Danse s\u2019entra\u00eenent toute l\u2019ann\u00e9e pour acqu\u00e9rir et ma\u00eetriser ces chants de gu\u00e9rison et de transformation.<br \/>Pour participer et devenir chanteuse ou chanteur de la Danse de l\u2019Aigle, il est n\u00e9cessaire de participer \u00e0 une danse pour rencontrer l\u2019\u00e9nergie et le protocole de la Danse de l\u2019Aigle. Notre Dance Chief Sylvie Shining est \u00e0 l\u2019\u00e9coute de ce qui doit \u00eatre fait, l\u2019ann\u00e9e derni\u00e8re de nombreuses personnes se sont investies pour venir prendre cette place sans avoir particip\u00e9 \u00e0 une Danse auparavant \u00e9tant donn\u00e9es les conditions que nous avons v\u00e9cues, un grand challenge que toutes et tous ont relev\u00e9s, aid\u00e9s par les Drums Chiefs et les Chanteuses et Chanteurs exp\u00e9riment\u00e9.e.s Br\u00e9siliens et Fran\u00e7ais.<br \/>Cette ann\u00e9e pour la Danse de l\u2019Aigle du Centre , les \u00e9quipes continuent cette apprentissage. Il est possible de venir participer \u00e0 certaines rencontres ouvertes \u00e0 toutes et tous, ce qui permet de pouvoir nourrir un apprentissage personnel et peut \u00eatre venir \u00e0 la Danse en tant que joker pour soulager et aider les \u00e9quipes de chants et ainsi l\u2019ann\u00e9e suivante participer en tant que chanteuse ou un chanteur \u00e0 la Danse de l\u2019Aigle.<\/p>\n<p>Pour toutes demandes et informations utiliser le formulaire de contact.<\/p>\n<p>\u00a0<\/p>\t\t\t\t\t\t\t\t<\/div>\n\t\t\t\t\t<\/div>\n\t\t\t\t<\/div>\n\t\t<div class=\"elementor-element elementor-element-66bf4d4 e-flex e-con-boxed e-con e-parent\" data-id=\"66bf4d4\" data-element_type=\"container\" data-e-type=\"container\">\n\t\t\t\t\t<div class=\"e-con-inner\">\n\t\t<div class=\"elementor-element elementor-element-cd12e2d e-con-full e-flex e-con e-child\" data-id=\"cd12e2d\" data-element_type=\"container\" data-e-type=\"container\">\n\t\t\t\t<\/div>\n\t\t<div class=\"elementor-element elementor-element-4305b3b e-grid e-con-boxed e-con e-child\" data-id=\"4305b3b\" data-element_type=\"container\" data-e-type=\"container\">\n\t\t\t\t\t<div class=\"e-con-inner\">\n\t\t\t\t\t\t\t\t\t<div data-id=\"1865fb7\" data-interaction-id=\"1865fb7\" data-e-type=\"e-youtube\"  class=\"e-youtube-base\"  data-settings=\"&#x7B;&quot;source&quot;&#x3A;&quot;https&#x3A;&#x5C;&#x2F;&#x5C;&#x2F;www.youtube.com&#x5C;&#x2F;watch&#x3F;v&#x3D;-SWNplF7LhI&quot;,&quot;autoplay&quot;&#x3A;false,&quot;mute&quot;&#x3A;false,&quot;controls&quot;&#x3A;true,&quot;cc_load_policy&quot;&#x3A;false,&quot;loop&quot;&#x3A;false,&quot;rel&quot;&#x3A;true,&quot;start&quot;&#x3A;null,&quot;end&quot;&#x3A;null,&quot;privacy&quot;&#x3A;false,&quot;lazyload&quot;&#x3A;false&#x7D;\"><\/div>\n\t\t\t\t\t<\/div>\n\t\t\t\t<\/div>\n\t\t<div class=\"elementor-element elementor-element-139396c e-con-full e-flex e-con e-child\" data-id=\"139396c\" data-element_type=\"container\" data-e-type=\"container\">\n\t\t\t\t<\/div>\n\t\t\t\t\t<\/div>\n\t\t\t\t<\/div>\n\t\t\t\t<\/div>\n\t\t","protected":false},"excerpt":{"rendered":"<p>Cercle de Chants Durant la Danse de l\u2019Aigle, l\u2019\u00e9nergie des danseurs est soutenue en permanence par les Chants Sacr\u00e9s de la tradition du Council of The Elders of the Twisted Hair People.Sans ce soutien, il n\u2019y aurait pas de Danse. Les chanteuses et chanteurs qui font ainsi donation de leur voix pendant toute la Danse [&hellip;]<\/p>\n","protected":false},"author":1,"featured_media":0,"parent":0,"menu_order":0,"comment_status":"closed","ping_status":"closed","template":"","meta":{"footnotes":""},"class_list":["post-363","page","type-page","status-publish","hentry"],"_links":{"self":[{"href":"https:\/\/sweet-eagle-tribe.fr\/index.php?rest_route=\/wp\/v2\/pages\/363","targetHints":{"allow":["GET"]}}],"collection":[{"href":"https:\/\/sweet-eagle-tribe.fr\/index.php?rest_route=\/wp\/v2\/pages"}],"about":[{"href":"https:\/\/sweet-eagle-tribe.fr\/index.php?rest_route=\/wp\/v2\/types\/page"}],"author":[{"embeddable":true,"href":"https:\/\/sweet-eagle-tribe.fr\/index.php?rest_route=\/wp\/v2\/users\/1"}],"replies":[{"embeddable":true,"href":"https:\/\/sweet-eagle-tribe.fr\/index.php?rest_route=%2Fwp%2Fv2%2Fcomments&post=363"}],"version-history":[{"count":86,"href":"https:\/\/sweet-eagle-tribe.fr\/index.php?rest_route=\/wp\/v2\/pages\/363\/revisions"}],"predecessor-version":[{"id":518,"href":"https:\/\/sweet-eagle-tribe.fr\/index.php?rest_route=\/wp\/v2\/pages\/363\/revisions\/518"}],"wp:attachment":[{"href":"https:\/\/sweet-eagle-tribe.fr\/index.php?rest_route=%2Fwp%2Fv2%2Fmedia&parent=363"}],"curies":[{"name":"wp","href":"https:\/\/api.w.org\/{rel}","templated":true}]}}