{"id":421,"date":"2026-04-17T16:53:45","date_gmt":"2026-04-17T16:53:45","guid":{"rendered":"https:\/\/sweet-eagle-tribe.fr\/?page_id=421"},"modified":"2026-04-17T18:03:26","modified_gmt":"2026-04-17T18:03:26","slug":"la-danse-de-laigle","status":"publish","type":"page","link":"https:\/\/sweet-eagle-tribe.fr\/?page_id=421","title":{"rendered":"La Danse de l\u2019Aigle"},"content":{"rendered":"\t\t<div data-elementor-type=\"wp-page\" data-elementor-id=\"421\" class=\"elementor elementor-421\">\n\t\t\t\t<div class=\"elementor-element elementor-element-378760c e-flex e-con-boxed e-con e-parent\" data-id=\"378760c\" data-element_type=\"container\" data-e-type=\"container\">\n\t\t\t\t\t<div class=\"e-con-inner\">\n\t\t\t\t<div class=\"elementor-element elementor-element-12c02c0 elementor-widget elementor-widget-text-editor\" data-id=\"12c02c0\" data-element_type=\"widget\" data-e-type=\"widget\" data-widget_type=\"text-editor.default\">\n\t\t\t\t\t\t\t\t\t<h1>La Danse de l\u2019Aigle<\/h1><p><img fetchpriority=\"high\" decoding=\"async\" class=\"wp-image-184 size-full alignnone\" src=\"http:\/\/sweet-eagle-tribe.fr\/wp-content\/uploads\/2026\/04\/silhouette-of-bird-above-clouds-755385-1.jpg\" alt=\"\" width=\"640\" height=\"359\" srcset=\"https:\/\/sweet-eagle-tribe.fr\/wp-content\/uploads\/2026\/04\/silhouette-of-bird-above-clouds-755385-1.jpg 640w, https:\/\/sweet-eagle-tribe.fr\/wp-content\/uploads\/2026\/04\/silhouette-of-bird-above-clouds-755385-1-300x168.jpg 300w\" sizes=\"(max-width: 640px) 100vw, 640px\" \/><\/p><h2 class=\"has-text-align-center wp-block-heading\">\u00c9V\u00c9NEMENT TRANSCULTUREL DES TRADITIONS AM\u00c9RINDIENNES<\/h2><h3 class=\"has-text-align-center wp-block-heading\">LA DANSE<\/h3><p>La Danse de l\u2019Aigle est une magnifique c\u00e9r\u00e9monie transculturelle bas\u00e9e sur la sagesse mill\u00e9naire des Peuples des Am\u00e9riques. Son objectif est de rassembler cultures, religions, philosophies et traditions qui, unies par le m\u00eame r\u00eave, construisent ensemble le pont de l\u2019Arc en Ciel entre tous les \u00eatres humains. Cette rencontre honore et soutient la Vie dans tous ses aspects. Elle participe au d\u00e9ploiement de la conscience et \u00e0 la manifestation de l\u2019amour et de la fraternit\u00e9 sur la Terre, comme un h\u00e9ritage transmis pour toutes les g\u00e9n\u00e9rations futures.<\/p>\t\t\t\t\t\t\t\t<\/div>\n\t\t\t\t<div class=\"elementor-element elementor-element-5a98fd7 elementor-widget elementor-widget-text-editor\" data-id=\"5a98fd7\" data-element_type=\"widget\" data-e-type=\"widget\" data-widget_type=\"text-editor.default\">\n\t\t\t\t\t\t\t\t\t<h3 class=\"has-text-align-center wp-block-heading\">L\u2019AIGLE<\/h3><p>Wanblee Gleeshka, l\u2019Aigle, est dot\u00e9 d\u2019une vision p\u00e9n\u00e9trante qui d\u00e9passe ses propres limites. Il sublime espaces et dimensions dans un \u00e9tat de pr\u00e9sence absolu. Il d\u00e9termine son intention de vivre entre le Ciel et la Terre sans jamais perdre de vue son but, celui de s\u2019\u00e9lever au dessus de lui m\u00eame pour atteindre sa propre r\u00e9alisation. Symbole de la libert\u00e9 fondamentale de l\u2019esprit, l\u2019Aigle guide par son exemple tous les \u00eatres qui veulent s\u00b4illuminer. On invoque l\u2019Aigle pour ses qualit\u00e9s afin de soutenir et manifester les intentions individuelles et collectives, avant, pendant et apr\u00e8s la c\u00e9r\u00e9monie. C\u2019est lui qui ouvre le passage \u00e0 travers les pri\u00e8res, le chant et la danse et nous permet de nous relier \u00e0 la Source Divine de Lumi\u00e8re et de Sagesse.<\/p>\t\t\t\t\t\t\t\t<\/div>\n\t\t\t\t\t<\/div>\n\t\t\t\t<\/div>\n\t\t<div class=\"elementor-element elementor-element-47c3f47 e-flex e-con-boxed e-con e-parent\" data-id=\"47c3f47\" data-element_type=\"container\" data-e-type=\"container\">\n\t\t\t\t\t<div class=\"e-con-inner\">\n\t\t\t\t<div class=\"elementor-element elementor-element-94d4eeb elementor-widget elementor-widget-text-editor\" data-id=\"94d4eeb\" data-element_type=\"widget\" data-e-type=\"widget\" data-widget_type=\"text-editor.default\">\n\t\t\t\t\t\t\t\t\t<h3 class=\"has-text-align-center wp-block-heading\">L\u2019EST<\/h3><p class=\"has-text-color has-text-align-center has-luminous-vivid-orange-color\"><strong>De l\u2019Aigle au R\u00eave<br \/>Du R\u00eave \u00e0 la Vie<br \/>De la Vie \u00e0 l\u2019Art<br \/>De l\u2019Art \u00e0 la Culture<br \/>De la Culture \u00e0 la Danse<br \/>De la Danse \u00e0 la Conscience<br \/>De la Conscience \u00e0 l\u2019Aigle<\/strong><\/p>\t\t\t\t\t\t\t\t<\/div>\n\t\t\t\t\t<\/div>\n\t\t\t\t<\/div>\n\t\t<div class=\"elementor-element elementor-element-8dd4228 e-flex e-con-boxed e-con e-parent\" data-id=\"8dd4228\" data-element_type=\"container\" data-e-type=\"container\">\n\t\t\t\t\t<div class=\"e-con-inner\">\n\t\t\t\t<div class=\"elementor-element elementor-element-eaf228e elementor-widget elementor-widget-text-editor\" data-id=\"eaf228e\" data-element_type=\"widget\" data-e-type=\"widget\" data-widget_type=\"text-editor.default\">\n\t\t\t\t\t\t\t\t\t<p>Avec Sa Vision p\u00e9n\u00e9trante, l\u2019Aigle survole l\u2019immensit\u00e9 du Ciel. Ses ailes puissantes nous emm\u00e8ne \u00e0 la Lumi\u00e8re de notre r\u00e9alisation.<br \/>En Ao\u00fbt 2020, La Danse de l\u2019Aigle nous invite \u00e0 visiter la direction de l\u2019Est, l\u2019\u00e9nergie vitale de notre \u00ab Feu Sacr\u00e9 int\u00e9rieur \u00bb.<\/p><p>L\u2019Est nous inonde de ses rayons de Lumi\u00e8re dans la Beaut\u00e9 de notre humanit\u00e9 Solaire.<\/p><p>L\u2019aspect positif de la direction Est est la lumi\u00e8re qui aiguise et stabilise l\u2019esprit sur la voie d\u2019une conscience \u00e9panouie.<\/p><p>L\u2019Est, manifestation du Feu Sacr\u00e9 int\u00e9rieur, est une passerelle qui m\u00e8ne \u00e0 la Sagesse et c\u2019est en ce lieu que nous sommes capables de cr\u00e9er, d\u2019entreprendre des projets innovateurs, guid\u00e9s par le mouvement de la vie.<\/p><p>La principale qualit\u00e9 de l\u2019Est est de manifester l\u2019\u00eatre lumineux que nous sommes afin de concr\u00e9tiser avec enthousiasme et passion, nos id\u00e9es, souhaits et r\u00eaves.<\/p><p>Lorsque l\u2019\u00e9l\u00e9ment de l\u2019Est est \u00e9quilibr\u00e9 dans notre vie, nous devenons des \u00eatres inspir\u00e9s et nous apportons l\u2019enthousiasme et le bonheur dans toutes nos relations et dans notre travail.<\/p><p>La plus grande expression de l\u2019Est est le d\u00e9veloppement du discernement de la Sagesse qui nous rappelle que le bonheur ne peut exister sans l\u2019acceptation de soi et de l\u2019autre. L\u2019esprit de Lumi\u00e8re de l\u2019Est conc\u00e8de une b\u00e9n\u00e9diction Divine reli\u00e9e au bien \u00eatre de vivre et d\u2019aimer \u00e0 travers toutes les exp\u00e9riences v\u00e9cues.<\/p>\t\t\t\t\t\t\t\t<\/div>\n\t\t\t\t\t<\/div>\n\t\t\t\t<\/div>\n\t\t\t\t<\/div>\n\t\t","protected":false},"excerpt":{"rendered":"<p>La Danse de l\u2019Aigle \u00c9V\u00c9NEMENT TRANSCULTUREL DES TRADITIONS AM\u00c9RINDIENNES LA DANSE La Danse de l\u2019Aigle est une magnifique c\u00e9r\u00e9monie transculturelle bas\u00e9e sur la sagesse mill\u00e9naire des Peuples des Am\u00e9riques. Son objectif est de rassembler cultures, religions, philosophies et traditions qui, unies par le m\u00eame r\u00eave, construisent ensemble le pont de l\u2019Arc en Ciel entre tous [&hellip;]<\/p>\n","protected":false},"author":1,"featured_media":0,"parent":0,"menu_order":0,"comment_status":"closed","ping_status":"closed","template":"","meta":{"footnotes":""},"class_list":["post-421","page","type-page","status-publish","hentry"],"_links":{"self":[{"href":"https:\/\/sweet-eagle-tribe.fr\/index.php?rest_route=\/wp\/v2\/pages\/421","targetHints":{"allow":["GET"]}}],"collection":[{"href":"https:\/\/sweet-eagle-tribe.fr\/index.php?rest_route=\/wp\/v2\/pages"}],"about":[{"href":"https:\/\/sweet-eagle-tribe.fr\/index.php?rest_route=\/wp\/v2\/types\/page"}],"author":[{"embeddable":true,"href":"https:\/\/sweet-eagle-tribe.fr\/index.php?rest_route=\/wp\/v2\/users\/1"}],"replies":[{"embeddable":true,"href":"https:\/\/sweet-eagle-tribe.fr\/index.php?rest_route=%2Fwp%2Fv2%2Fcomments&post=421"}],"version-history":[{"count":25,"href":"https:\/\/sweet-eagle-tribe.fr\/index.php?rest_route=\/wp\/v2\/pages\/421\/revisions"}],"predecessor-version":[{"id":484,"href":"https:\/\/sweet-eagle-tribe.fr\/index.php?rest_route=\/wp\/v2\/pages\/421\/revisions\/484"}],"wp:attachment":[{"href":"https:\/\/sweet-eagle-tribe.fr\/index.php?rest_route=%2Fwp%2Fv2%2Fmedia&parent=421"}],"curies":[{"name":"wp","href":"https:\/\/api.w.org\/{rel}","templated":true}]}}